{"id":292,"date":"2010-10-26T12:21:04","date_gmt":"2010-10-26T10:21:04","guid":{"rendered":"http:\/\/www.espacejeunes.mesquerquimiac.fr\/word\/?page_id=292"},"modified":"2020-06-27T18:04:10","modified_gmt":"2020-06-27T17:04:10","slug":"infos-pratiques","status":"publish","type":"page","link":"https:\/\/www.espacejeunes.mesquerquimiac.fr\/?page_id=292","title":{"rendered":"Infos Pratiques"},"content":{"rendered":"<h3 style=\"text-align: left;\"><strong style=\"font-size: 1.17em; line-height: 1.5em;\">Les Horaires<\/strong><\/h3>\n<p><strong>P\u00e9riode Scolaire<\/strong><br \/>\nLe mercredi de 13h30 \u00e0 18h30, possibilit\u00e9 de venir de 13h30 \u00e0 16h et\/ou 16h \u00e0 18h30.<br \/>\nLe samedi de 14h \u00e0 18h30 \u00e0 la Gambade.<\/p>\n<p><strong>P\u00e9riode de Vacances<\/strong><br \/>\nDu lundi au vendredi de 10h \u00e0 12h et de 14h \u00e0 18h30 \u00e0 la Gambade avec la possibilit\u00e9 de rester prendre un repas au restaurant scolaire.<br \/>\nPendant les vacances, une soir\u00e9e par semaine est programm\u00e9e.<\/p>\n<h4><strong>S&rsquo;inscrire \u00e0 l&rsquo;Espace Jeunes et aux animations<\/strong><\/h4>\n<p>Pour s&rsquo;inscrire il suffit de remplir <a href=\"http:\/\/www.espacejeunes.mesquerquimiac.fr\/word\/wp-content\/uploads\/CCF27062020.pdf\">le dossier d&rsquo;inscription 2020 -2021<\/a> (un par famille) et si besoin une fiche individuelle enfant ainsi que la fiche sanitaire que vous pouvez trouver \u00e0 la Gambade ainsi que dans le nouvel ALSH (\u00e9galement sur ce site en cliquant sur les mots soulign\u00e9s).<br \/>\nLes documents une fois remplis, il vous suffit de les apporter \u00e0 la Gambade ou \u00e0 l&rsquo;ALSH.<\/p>\n<p>Pour s&rsquo;inscrire aux animations vous pouvez nous contacter par t\u00e9l\u00e9phone, par mail, via la page Facebook de l&rsquo;Espace Jeunes ou via le site internet (formulaire de contact).<br \/>\nCes modes d&rsquo;inscription ne dispensent pas d&rsquo;apporter le coupon d&rsquo;inscription lors de la venue du\/des jeune(s).<\/p>\n<h3>Les Tarifs (2019)<\/h3>\n<ul>\n<li>Inscription annuelle :<br \/>\n15\u20ac pour les jeunes mesqu\u00e9rais<br \/>\n30\u20ac pour les jeunes hors commune<\/li>\n<li>Tarifs des go\u00fbters et repas (2019) :<br \/>\nGo\u00fbter : 0,70\u20ac<br \/>\nRepas : 3,45\u20ac<\/li>\n<\/ul>\n<p>Co\u00fbt d\u2019un ticket d\u2019activit\u00e9 selon la tranche du<br \/>\nQuotient Familial :<\/p>\n<p>0-400 : 2,00\u20ac<br \/>\n401-600 : 2,15\u20ac<br \/>\n601-800 : 2,30\u20ac<br \/>\n801-1000 : 2,45\u20ac<br \/>\n1001-1200 : 2,60\u20ac<br \/>\n1201-1400 : 2,75\u20ac<br \/>\n1401 et plus : 2,90\u20ac<\/p>\n<p>Jeunes hors communes : co\u00fbt en ticket major\u00e9 de 50%<br \/>\nLes projets autofinancement, CPN et la Semaine Bleue ne co\u00fbtent pas de tickets.<\/p>\n<h3>Acc\u00e9der \u00e0 la partie Membre<\/h3>\n<p><span style=\"line-height: 1.5em;\">Pour acc\u00e9der aux photos il suffit de s&rsquo;inscrire sur le site gr\u00e2ce au code d&rsquo;invitation qui se trouve dans les mails \u00e9mis par l&rsquo;Espace Jeunes.<\/span><\/p>\n<h3><strong>Adresses utiles<\/strong><\/h3>\n<p><strong>Mairie de Mesquer<\/strong><br \/>\nPlace de l&rsquo;H\u00f4tel<br \/>\n44420 Mesquer<br \/>\nT\u00e9l : 02 40 42 51 15<br \/>\nMail : <a href=\"mailto:mairie.mesquer@wanadoo.fr\">mairie.mesquer@wanadoo.fr<br \/>\n<\/a>Site internet : <a href=\"http:\/\/www.mesquerquimiac.fr\" target=\"_blank\" rel=\"noopener noreferrer\">www.mesquerquimiac.fr<\/a><\/p>\n<p><strong>Espace Jeunes<\/strong><br \/>\nLa Gambade (derri\u00e8re la Mairie)<br \/>\nT\u00e9l : 02 51 73 92 09<br \/>\nMail :<a href=\"mailto:espacejeune@mesquerquimiac.fr\"> espacejeune@mesquerquimiac.fr<\/a><br \/>\nSite internet : <a href=\"http:\/\/www.espacejeunes.mesquerquimiac.fr\" target=\"_blank\" rel=\"noopener noreferrer\">www.espacejeunes.mesquerquimiac.fr<\/a><\/p>\n<p><strong>ALSH Les Martins-P\u00eacheurs<\/strong><br \/>\n100 all\u00e9e des Ormeaux<br \/>\n44420 Mesquer<br \/>\nT\u00e9l : 02 40 42 65 43<br \/>\nMail : <a href=\"enfancejeunesse@mesquerquimiac.fr\">enfancejeunesse.mesquerquimiac.fr<\/a><\/p>\n<p><strong>Office de Tourisme de Mesquer-Quimiac<\/strong><br \/>\nPlace de l&rsquo;Or\u00e9e du Bois &#8211; Quimiac<br \/>\n44420 Mesquer<br \/>\nT\u00e9l : 02 40 42 64 37<br \/>\nMail :&nbsp;<a href=\"otsimesquer@mesquerquimiac.com\" target=\"_blank\" rel=\"noopener noreferrer\">otsimesquer@mesquerquimiac.com<br \/>\n<\/a>Site internet :&nbsp;<a href=\"http:\/\/www.mesquer-quimiac.com\/\" target=\"_blank\" rel=\"noopener noreferrer\">www.mesquerquimiac.com<\/a><a href=\"otsimesquer@mesquerquimiac.com\"><br \/>\n<\/a><\/p>\n","protected":false},"excerpt":{"rendered":"<p>Les Horaires P\u00e9riode Scolaire Le mercredi de 13h30 \u00e0 18h30, possibilit\u00e9 de venir de 13h30 \u00e0 16h et\/ou 16h \u00e0 18h30. Le samedi de 14h \u00e0 18h30 \u00e0 la Gambade. P\u00e9riode de Vacances Du&#46;&#46;&#46;<\/p>\n","protected":false},"author":14,"featured_media":0,"parent":0,"menu_order":0,"comment_status":"closed","ping_status":"closed","template":"","meta":{"ngg_post_thumbnail":0,"footnotes":""},"class_list":["post-292","page","type-page","status-publish","hentry"],"_links":{"self":[{"href":"https:\/\/www.espacejeunes.mesquerquimiac.fr\/index.php?rest_route=\/wp\/v2\/pages\/292","targetHints":{"allow":["GET"]}}],"collection":[{"href":"https:\/\/www.espacejeunes.mesquerquimiac.fr\/index.php?rest_route=\/wp\/v2\/pages"}],"about":[{"href":"https:\/\/www.espacejeunes.mesquerquimiac.fr\/index.php?rest_route=\/wp\/v2\/types\/page"}],"author":[{"embeddable":true,"href":"https:\/\/www.espacejeunes.mesquerquimiac.fr\/index.php?rest_route=\/wp\/v2\/users\/14"}],"replies":[{"embeddable":true,"href":"https:\/\/www.espacejeunes.mesquerquimiac.fr\/index.php?rest_route=%2Fwp%2Fv2%2Fcomments&post=292"}],"version-history":[{"count":18,"href":"https:\/\/www.espacejeunes.mesquerquimiac.fr\/index.php?rest_route=\/wp\/v2\/pages\/292\/revisions"}],"predecessor-version":[{"id":4579,"href":"https:\/\/www.espacejeunes.mesquerquimiac.fr\/index.php?rest_route=\/wp\/v2\/pages\/292\/revisions\/4579"}],"wp:attachment":[{"href":"https:\/\/www.espacejeunes.mesquerquimiac.fr\/index.php?rest_route=%2Fwp%2Fv2%2Fmedia&parent=292"}],"curies":[{"name":"wp","href":"https:\/\/api.w.org\/{rel}","templated":true}]}}