{"id":3324,"date":"2016-03-26T14:40:35","date_gmt":"2016-03-26T13:40:35","guid":{"rendered":"http:\/\/www.espacejeunes.mesquerquimiac.fr\/?page_id=3324"},"modified":"2016-03-26T19:08:28","modified_gmt":"2016-03-26T18:08:28","slug":"recencement","status":"publish","type":"page","link":"https:\/\/www.espacejeunes.mesquerquimiac.fr\/?page_id=3324","title":{"rendered":"Recensement"},"content":{"rendered":"<p>Vous trouverez ici toutes les observations de faune et de flore r\u00e9alis\u00e9es par les jeunes \u00c9cureuils Gambadeurs, sur la commune de Mesquer.<br \/>\n<iframe loading=\"lazy\" src=\"https:\/\/www.google.com\/maps\/d\/u\/0\/embed?mid=z2bjhIyKiHSU.kRJ_-H_Cfs88\" width=\"640\" height=\"480\"><\/iframe><\/p>\n","protected":false},"excerpt":{"rendered":"<p>Vous trouverez ici toutes les observations de faune et de flore r\u00e9alis\u00e9es par les jeunes \u00c9cureuils Gambadeurs, sur la commune de Mesquer.<\/p>\n","protected":false},"author":14,"featured_media":0,"parent":0,"menu_order":0,"comment_status":"closed","ping_status":"closed","template":"","meta":{"ngg_post_thumbnail":0,"footnotes":""},"class_list":["post-3324","page","type-page","status-publish","hentry"],"_links":{"self":[{"href":"https:\/\/www.espacejeunes.mesquerquimiac.fr\/index.php?rest_route=\/wp\/v2\/pages\/3324","targetHints":{"allow":["GET"]}}],"collection":[{"href":"https:\/\/www.espacejeunes.mesquerquimiac.fr\/index.php?rest_route=\/wp\/v2\/pages"}],"about":[{"href":"https:\/\/www.espacejeunes.mesquerquimiac.fr\/index.php?rest_route=\/wp\/v2\/types\/page"}],"author":[{"embeddable":true,"href":"https:\/\/www.espacejeunes.mesquerquimiac.fr\/index.php?rest_route=\/wp\/v2\/users\/14"}],"replies":[{"embeddable":true,"href":"https:\/\/www.espacejeunes.mesquerquimiac.fr\/index.php?rest_route=%2Fwp%2Fv2%2Fcomments&post=3324"}],"version-history":[{"count":7,"href":"https:\/\/www.espacejeunes.mesquerquimiac.fr\/index.php?rest_route=\/wp\/v2\/pages\/3324\/revisions"}],"predecessor-version":[{"id":3336,"href":"https:\/\/www.espacejeunes.mesquerquimiac.fr\/index.php?rest_route=\/wp\/v2\/pages\/3324\/revisions\/3336"}],"wp:attachment":[{"href":"https:\/\/www.espacejeunes.mesquerquimiac.fr\/index.php?rest_route=%2Fwp%2Fv2%2Fmedia&parent=3324"}],"curies":[{"name":"wp","href":"https:\/\/api.w.org\/{rel}","templated":true}]}}