{"id":4926,"date":"2025-10-29T14:20:19","date_gmt":"2025-10-29T13:20:19","guid":{"rendered":"https:\/\/www.espacejeunes.mesquerquimiac.fr\/?page_id=4926"},"modified":"2025-10-29T14:20:19","modified_gmt":"2025-10-29T13:20:19","slug":"mentions-legales","status":"publish","type":"page","link":"https:\/\/www.espacejeunes.mesquerquimiac.fr\/?page_id=4926","title":{"rendered":"Mentions l\u00e9gales"},"content":{"rendered":"<p><strong><u>Mentions l\u00e9gales EspaceJeunes<\/u><\/strong><\/p>\n<p>&nbsp;<\/p>\n<p><strong>www.espacejeunes.mesquerquimiac.fr<\/strong> est le site officiel du service Espace Jeunes de la Ville de <strong>Mesquer-Quimiac<\/strong><\/p>\n<p>EDITEUR<\/p>\n<p><strong>Mesquer-Quimiac<\/strong><\/p>\n<ul>\n<li><strong>Adresse<\/strong> : La Gambade (derri\u00e8re la Mairie, 44420 Mesquer<\/li>\n<li><strong>T\u00e9l<\/strong>. : 02 40 42 65 43<\/li>\n<li><strong>Courriel<\/strong> : enfance.jeunesse@mesquerquimiac.fr<\/li>\n<\/ul>\n<p><strong>Directeur de la publication<\/strong>&nbsp;: M. le Maire, Jean-Pierre BERNARD<\/p>\n<p><strong>R\u00e9daction, animation et gestion \u00e9ditoriale<\/strong> :&nbsp;Service enfance jeunesse<\/p>\n<p><strong>Conception et r\u00e9alisation :&nbsp;<\/strong>Responsable informatique<\/p>\n<p><strong>Photographies :&nbsp;<\/strong>Service enfance jeunesse<\/p>\n<p><em>&nbsp;<\/em><\/p>\n<h2>h\u00e9bergement<\/h2>\n<p>L&rsquo;h\u00e9bergement du site Internet est r\u00e9alis\u00e9 par la soci\u00e9t\u00e9 <strong>OVH<\/strong>.<\/p>\n<ul>\n<li><strong>D\u00e9nomination<\/strong>: OVH (OWO-OVH WHOIS OFFUSCATOR)<\/li>\n<li><strong>Adresse<\/strong> : 2 rue Kellermann &#8211; 59100 Roubaix \u2013 France<\/li>\n<li><strong>T\u00e9l<\/strong>. : 99. 70. 17. 61. \u2013 Fax : 03. 20. 20. 09. 58.<\/li>\n<li><strong>Courriel<\/strong> : <a href=\"mailto:support@ovh.com\">support@ovh.com<\/a><\/li>\n<li><strong>Siret<\/strong>: 424 761 419 00045<\/li>\n<\/ul>\n<p><em>&nbsp;<\/em><\/p>\n<h2>informations l\u00e9gales<\/h2>\n<p>L&rsquo;information communiqu\u00e9e sur ce site est pr\u00e9sent\u00e9e \u00e0 titre indicatif. Elle ne pr\u00e9tend aucunement \u00e0 l&rsquo;exhaustivit\u00e9. Malgr\u00e9 les mises \u00e0 jour du contenu du site, la Ville de Mesquer-Quimiac ne peut \u00eatre tenue pour responsable de la modification des dispositions administratives et juridiques survenant apr\u00e8s la publication.&nbsp;<\/p>\n<p>La Ville de Mesquer-Quimiac d\u00e9gage toute responsabilit\u00e9 concernant les liens cr\u00e9\u00e9s par d&rsquo;autres sites vers ses propres sites. L&rsquo;existence de tels liens ne peut permettre d&rsquo;induire que la Ville de Mesquer-Quimiac cautionne ces sites ou qu&rsquo;elle en approuve le contenu.&nbsp;<\/p>\n<h1>protection de la vie priv\u00e9e<\/h1>\n<h3>RGPD<\/h3>\n<p>Nous vous informons que la Ville de Mesquer-Quimiac est le responsable du traitement des donn\u00e9es collect\u00e9es sur le site.<\/p>\n<p>Conform\u00e9ment au R\u00e8glement (UE) 2016\/679 du 27 avril 2016 dit RGPD, vous pouvez exercer les droits suivants&nbsp;: d\u2019acc\u00e8s, de rectification ou d\u2019effacement, droit de limitation du traitement, droit d\u2019opposition et droit \u00e0 la portabilit\u00e9 en vous adressant \u00e0 dpo@cap-atlantique.fr<em>.<\/em><\/p>\n<p>Vous pouvez introduire une r\u00e9clamation aupr\u00e8s des services de la CNIL sur le site internet&nbsp;: <a href=\"http:\/\/www.cnil.fr\">www.cnil.fr<\/a>.<\/p>\n<p>Pour en savoir plus, vous pouvez consulter notre politique relative \u00e0 la protection de vos donn\u00e9es personnelles.<\/p>\n<p>&nbsp;<\/p>\n<h3>UTILISATION DES COOKIES<\/h3>\n<p>Les cookies de ce site sont utilis\u00e9s par le syst\u00e8me de statistiques GDPR Cookie Compliance et le syst\u00e8me de gestion de contenu du site. Aucune information nominative n&rsquo;est enregistr\u00e9e.<\/p>\n<p>Afin d&rsquo;am\u00e9liorer l&rsquo;exp\u00e9rience utilisateur, nous vous informons que des cookies sont collect\u00e9s avec votre consentement par le service Youtube. Des vid\u00e9os provenant de cette plateforme sont int\u00e9gr\u00e9es sur ce site.<\/p>\n<p>Le cookie est un bloc de donn\u00e9es qui ne permet pas d\u2019identifier les utilisateurs mais sert \u00e0 enregistrer des informations relatives \u00e0 la navigation de celui-ci sur le site.<\/p>\n<p>L\u2019utilisateur dispose d\u2019un droit d\u2019acc\u00e8s, de retrait et de modification des donn\u00e9es \u00e0 caract\u00e8re personnel communiqu\u00e9es par le biais des cookies dans les conditions indiqu\u00e9es ci-dessus.<\/p>\n<p>&nbsp;<\/p>\n<h2>Messagerie<\/h2>\n<p>En utilisant votre logiciel de messagerie, vous nous communiquez votre adresse \u00e9lectronique. Elle ne sera pas utilis\u00e9e \u00e0 des fins commerciales. Vous pouvez demander \u00e0 tout moment, par simple courrier \u00e9lectronique ou par lettre, de ne plus figurer dans nos fichiers de contacts. Conform\u00e9ment \u00e0 la loi Informatique et libert\u00e9s du 6 janvier 1978, vous disposez d&rsquo;un droit d&rsquo;acc\u00e8s, de modification, de rectification et de suppression des donn\u00e9es vous concernant aupr\u00e8s de la Ville de Mesquer-Quimiac.<\/p>\n<p><strong>&nbsp;<\/strong><\/p>\n<h2>Droits d\u2019utilisation et de reproduction<\/h2>\n<p>&nbsp;<\/p>\n<p>Les documents \u00ab&nbsp;publics&nbsp;\u00bb ou \u00ab&nbsp;officiels&nbsp;\u00bb ne sont couverts par aucun droit d&rsquo;auteur (<a href=\"http:\/\/www.legifrance.gouv.fr\/WAspad\/UnCode?&amp;commun=CPROIN&amp;code=CPROINTL.rcv\">article L.122-5 du code de la propri\u00e9t\u00e9 intellectuelle<\/a>). Ils peuvent donc \u00eatre reproduits librement.<\/p>\n<p>Les contenus du site constituant des \u0153uvres originales sont soumis \u00e0 la l\u00e9gislation en vigueur sur le droit d\u2019auteur et sont la propri\u00e9t\u00e9 exclusive de leurs auteurs respectifs. Toute reproduction et rediffusion de tout ou partie de ces contenus sont soumises \u00e0 l\u2019autorisation pr\u00e9alable, \u00e9crite et expresse du ou des titulaires de ces droits.<\/p>\n<p>Le contenu du site la structure g\u00e9n\u00e9rale, les textes, les images, anim\u00e9es ou non, et les sons dont le site est compos\u00e9 sont la propri\u00e9t\u00e9 exclusive de l\u2019agglom\u00e9ration.<\/p>\n<p>Le droit de reproduction et\/ou droit de repr\u00e9sentation des donn\u00e9es du site web&nbsp;<a href=\"http:\/\/www.enfancejeunesse.mesquerquimiac.fr\">www.enfancejeunesse.mesquerquimiac.fr<\/a> est exclusivement destin\u00e9 \u00e0 l&rsquo;usage priv\u00e9 et\/ou aux seules fins de consultation personnelle et priv\u00e9e des utilisateurs du r\u00e9seau Internet.&nbsp;Toute autre utilisation est strictement interdite et susceptible de poursuites conform\u00e9ment aux dispositions du Code de la Propri\u00e9t\u00e9 Intellectuelle fran\u00e7ais, des r\u00e8glements nationaux et des conventions internationales en vigueur.&nbsp;<\/p>\n<p>Logo&nbsp;: Le logo de la Ville de Mesquer-Quimiac est la propri\u00e9t\u00e9 de l\u2019agglom\u00e9ration<br \/>\nToute reproduction totale ou partielle de cette marque sans autorisation pr\u00e9alable et \u00e9crite est interdite, de m\u00eame que toute modification des proportions, couleurs, \u00e9l\u00e9ments et constituants.&nbsp;<\/p>\n<p>&nbsp;<\/p>\n<h2>Droit applicable<\/h2>\n<p>De convention expresse entre les parties, le droit applicable aux pr\u00e9sentes et \u00e0 leurs cons\u00e9quences est exclusivement le Droit Fran\u00e7ais, tant en ce qui concerne les r\u00e8gles de proc\u00e9dure que celles du fond.<\/p>\n","protected":false},"excerpt":{"rendered":"<p>Mentions l\u00e9gales EspaceJeunes &nbsp; www.espacejeunes.mesquerquimiac.fr est le site officiel du service Espace Jeunes de la Ville de Mesquer-Quimiac EDITEUR Mesquer-Quimiac Adresse : La Gambade (derri\u00e8re la Mairie, 44420 Mesquer T\u00e9l. : 02 40 42&#46;&#46;&#46;<\/p>\n","protected":false},"author":178,"featured_media":0,"parent":0,"menu_order":0,"comment_status":"closed","ping_status":"closed","template":"","meta":{"ngg_post_thumbnail":0,"footnotes":""},"class_list":["post-4926","page","type-page","status-publish","hentry"],"_links":{"self":[{"href":"https:\/\/www.espacejeunes.mesquerquimiac.fr\/index.php?rest_route=\/wp\/v2\/pages\/4926","targetHints":{"allow":["GET"]}}],"collection":[{"href":"https:\/\/www.espacejeunes.mesquerquimiac.fr\/index.php?rest_route=\/wp\/v2\/pages"}],"about":[{"href":"https:\/\/www.espacejeunes.mesquerquimiac.fr\/index.php?rest_route=\/wp\/v2\/types\/page"}],"author":[{"embeddable":true,"href":"https:\/\/www.espacejeunes.mesquerquimiac.fr\/index.php?rest_route=\/wp\/v2\/users\/178"}],"replies":[{"embeddable":true,"href":"https:\/\/www.espacejeunes.mesquerquimiac.fr\/index.php?rest_route=%2Fwp%2Fv2%2Fcomments&post=4926"}],"version-history":[{"count":1,"href":"https:\/\/www.espacejeunes.mesquerquimiac.fr\/index.php?rest_route=\/wp\/v2\/pages\/4926\/revisions"}],"predecessor-version":[{"id":4927,"href":"https:\/\/www.espacejeunes.mesquerquimiac.fr\/index.php?rest_route=\/wp\/v2\/pages\/4926\/revisions\/4927"}],"wp:attachment":[{"href":"https:\/\/www.espacejeunes.mesquerquimiac.fr\/index.php?rest_route=%2Fwp%2Fv2%2Fmedia&parent=4926"}],"curies":[{"name":"wp","href":"https:\/\/api.w.org\/{rel}","templated":true}]}}